{"id":457,"date":"2022-08-22T16:11:48","date_gmt":"2022-08-22T14:11:48","guid":{"rendered":"https:\/\/oyers.law\/csjiz-temer-30-let-hajime-vase-pravaenuvoddeeinfuhrung-deutsch\/"},"modified":"2022-10-26T22:08:45","modified_gmt":"2022-10-26T20:08:45","slug":"csjiz-temer-30-let-hajime-vase-pravaenuvoddeeinfuhrung-deutsch","status":"publish","type":"page","link":"https:\/\/oyers.law\/de\/","title":{"rendered":"Einf\u00fchrung"},"content":{"rendered":"\n<div class=\"wp-block-media-text alignwide is-stacked-on-mobile\"><figure class=\"wp-block-media-text__media\"><img loading=\"lazy\" decoding=\"async\" width=\"1024\" height=\"738\" src=\"https:\/\/oyers.law\/wp-content\/uploads\/2022\/09\/Business_4k_resolution-37-resize-compress-cropp-1024x738.jpg\" alt=\"AK Oyers\" class=\"wp-image-262 size-full\" srcset=\"https:\/\/oyers.law\/wp-content\/uploads\/2022\/09\/Business_4k_resolution-37-resize-compress-cropp-1024x738.jpg 1024w, https:\/\/oyers.law\/wp-content\/uploads\/2022\/09\/Business_4k_resolution-37-resize-compress-cropp-300x216.jpg 300w, https:\/\/oyers.law\/wp-content\/uploads\/2022\/09\/Business_4k_resolution-37-resize-compress-cropp-768x553.jpg 768w, https:\/\/oyers.law\/wp-content\/uploads\/2022\/09\/Business_4k_resolution-37-resize-compress-cropp-1536x1106.jpg 1536w, https:\/\/oyers.law\/wp-content\/uploads\/2022\/09\/Business_4k_resolution-37-resize-compress-cropp-2048x1475.jpg 2048w\" sizes=\"auto, (max-width: 1024px) 100vw, 1024px\" \/><\/figure><div class=\"wp-block-media-text__content\">\n<div style=\"height:60px\" aria-hidden=\"true\" class=\"wp-block-spacer\"><\/div>\n\n\n\n<h2 class=\"wp-block-heading\">\u00dcber uns<\/h2>\n\n\n\n<p>Wir sind seit \u00fcber 25 Jahren auf dem Markt t\u00e4tig. In dieser Zeit habenwir unersch\u00f6pfliche Erfahrungen in allen Rechtsbereichen gesammelt. Sie finden Niederlassungenunserer Anwaltskanzlei in&nbsp;<a rel=\"noreferrer noopener\" href=\"https:\/\/www.google.com\/maps\/place\/Okru%C5%BEn%C3%AD+433%2F1\/@49.221243,16.6281714,17z\/data=!4m6!3m5!1s0x4712947ef637e04f:0xac6c42af2c18e652!4b1!8m2!3d49.2209881!4d16.6284264\" target=\"_blank\">Brno<\/a>&nbsp;und&nbsp;<a rel=\"noreferrer noopener\" href=\"https:\/\/www.google.com\/maps\/place\/Grmelova,+Ostrava-Mari%C3%A1nsk%C3%A9+Hory+a+Hulv%C3%A1ky\/@49.8359682,18.2446633,17z\/data=!3m1!4b1!4m5!3m4!1s0x4713e30b3ddc3be7:0xe4dfb193a6d77be3!8m2!3d49.8359682!4d18.246852\" target=\"_blank\">Ostrava.<\/a><\/p>\n\n\n\n<p>Verschieben Sie IhrProblem nicht auf morgen. Rufen Sie uns wochentags zwischen 9 und 16 Uhr anoder schreiben Sie uns jederzeit und wir vereinbaren einen Termin.<\/p>\n\n\n\n<div class=\"wp-block-buttons is-layout-flex wp-block-buttons-is-layout-flex\">\n<div class=\"wp-block-button\"><a class=\"wp-block-button__link\" href=\"https:\/\/oyers.law\/nas-tym\/\"><strong>Team<\/strong><\/a><\/div>\n<\/div>\n\n\n\n    <div class=\"subscribe-body\">\n        <span class=\"subscribe-text bold\">Hinterlassen Sie einen Kontakt, wir werden Sie kontaktieren<\/span>\n        \n<div class=\"wpcf7 no-js\" id=\"wpcf7-f766-o1\" lang=\"de-DE\" dir=\"ltr\">\n<div class=\"screen-reader-response\"><p role=\"status\" aria-live=\"polite\" aria-atomic=\"true\"><\/p> <ul><\/ul><\/div>\n<form action=\"\/de\/wp-json\/wp\/v2\/pages\/457#wpcf7-f766-o1\" method=\"post\" class=\"wpcf7-form init\" aria-label=\"Kontaktformular\" novalidate=\"novalidate\" data-status=\"init\">\n<div style=\"display: none;\">\n<input type=\"hidden\" name=\"_wpcf7\" value=\"766\" \/>\n<input type=\"hidden\" name=\"_wpcf7_version\" value=\"5.7.7\" \/>\n<input type=\"hidden\" name=\"_wpcf7_locale\" value=\"de_DE\" \/>\n<input type=\"hidden\" name=\"_wpcf7_unit_tag\" value=\"wpcf7-f766-o1\" \/>\n<input type=\"hidden\" name=\"_wpcf7_container_post\" value=\"0\" \/>\n<input type=\"hidden\" name=\"_wpcf7_posted_data_hash\" value=\"\" \/>\n<input type=\"hidden\" name=\"_wpcf7_recaptcha_response\" value=\"\" \/>\n<\/div>\n<p><label><span class=\"wpcf7-form-control-wrap\" data-name=\"subscribe_email\"><input size=\"40\" class=\"wpcf7-form-control wpcf7-text wpcf7-email wpcf7-validates-as-required wpcf7-validates-as-email\" aria-required=\"true\" aria-invalid=\"false\" placeholder=\"E-mail\" value=\"\" type=\"email\" name=\"subscribe_email\" \/><\/span><\/label><label><input class=\"wpcf7-form-control has-spinner wpcf7-submit\" type=\"submit\" value=\"Senden\" \/><\/label>\n<\/p><div class=\"wpcf7-response-output\" aria-hidden=\"true\"><\/div>\n<\/form>\n<\/div>\n    <\/div>\n    \n\n\n\n<div class=\"wp-block-buttons is-layout-flex wp-block-buttons-is-layout-flex\"><\/div>\n<\/div><\/div>\n","protected":false},"excerpt":{"rendered":"","protected":false},"author":2,"featured_media":723,"parent":0,"menu_order":0,"comment_status":"closed","ping_status":"closed","template":"","meta":{"footnotes":""},"class_list":["post-457","page","type-page","status-publish","has-post-thumbnail","hentry"],"yoast_head":"<!-- This site is optimized with the Yoast SEO plugin v19.11 - https:\/\/yoast.com\/wordpress\/plugins\/seo\/ -->\n<title>Einf\u00fchrung | OYERS<\/title>\n<meta name=\"robots\" content=\"index, follow, max-snippet:-1, max-image-preview:large, max-video-preview:-1\" \/>\n<link rel=\"canonical\" href=\"https:\/\/oyers.law\/de\/\" \/>\n<meta property=\"og:locale\" content=\"de_DE\" \/>\n<meta property=\"og:type\" content=\"article\" \/>\n<meta property=\"og:title\" content=\"Einf\u00fchrung | OYERS\" \/>\n<meta property=\"og:url\" content=\"https:\/\/oyers.law\/de\/\" \/>\n<meta property=\"og:site_name\" content=\"OYERS\" \/>\n<meta property=\"article:publisher\" content=\"https:\/\/www.facebook.com\/profile.php?id=100063463516718\" \/>\n<meta property=\"article:modified_time\" content=\"2022-10-26T20:08:45+00:00\" \/>\n<meta property=\"og:image\" content=\"https:\/\/oyers.law\/wp-content\/uploads\/2022\/09\/Business_4k_resolution-37-resize-compress-cropp-1024x738.jpg\" \/>\n<meta name=\"twitter:card\" content=\"summary_large_image\" \/>\n<meta name=\"twitter:label1\" content=\"Gesch\u00e4tzte Lesezeit\" \/>\n\t<meta name=\"twitter:data1\" content=\"1\u00a0Minute\" \/>\n<script type=\"application\/ld+json\" class=\"yoast-schema-graph\">{\"@context\":\"https:\/\/schema.org\",\"@graph\":[{\"@type\":\"WebPage\",\"@id\":\"https:\/\/oyers.law\/de\/\",\"url\":\"https:\/\/oyers.law\/de\/\",\"name\":\"Einf\u00fchrung | OYERS\",\"isPartOf\":{\"@id\":\"https:\/\/oyers.law\/de\/#website\"},\"datePublished\":\"2022-08-22T14:11:48+00:00\",\"dateModified\":\"2022-10-26T20:08:45+00:00\",\"breadcrumb\":{\"@id\":\"https:\/\/oyers.law\/de\/#breadcrumb\"},\"inLanguage\":\"de\",\"potentialAction\":[{\"@type\":\"ReadAction\",\"target\":[\"https:\/\/oyers.law\/de\/\"]}]},{\"@type\":\"BreadcrumbList\",\"@id\":\"https:\/\/oyers.law\/de\/#breadcrumb\",\"itemListElement\":[{\"@type\":\"ListItem\",\"position\":1,\"name\":\"Dom\u016f\",\"item\":\"https:\/\/oyers.law\/de\/\"},{\"@type\":\"ListItem\",\"position\":2,\"name\":\"Einf\u00fchrung\"}]},{\"@type\":\"WebSite\",\"@id\":\"https:\/\/oyers.law\/de\/#website\",\"url\":\"https:\/\/oyers.law\/de\/\",\"name\":\"OYERS\",\"description\":\"\",\"publisher\":{\"@id\":\"https:\/\/oyers.law\/de\/#organization\"},\"potentialAction\":[{\"@type\":\"SearchAction\",\"target\":{\"@type\":\"EntryPoint\",\"urlTemplate\":\"https:\/\/oyers.law\/de\/?s={search_term_string}\"},\"query-input\":\"required name=search_term_string\"}],\"inLanguage\":\"de\"},{\"@type\":\"Organization\",\"@id\":\"https:\/\/oyers.law\/de\/#organization\",\"name\":\"OYERS\",\"url\":\"https:\/\/oyers.law\/de\/\",\"logo\":{\"@type\":\"ImageObject\",\"inLanguage\":\"de\",\"@id\":\"https:\/\/oyers.law\/de\/#\/schema\/logo\/image\/\",\"url\":\"https:\/\/oyers.law\/wp-content\/uploads\/2022\/08\/logo.png\",\"contentUrl\":\"https:\/\/oyers.law\/wp-content\/uploads\/2022\/08\/logo.png\",\"width\":681,\"height\":255,\"caption\":\"OYERS\"},\"image\":{\"@id\":\"https:\/\/oyers.law\/de\/#\/schema\/logo\/image\/\"},\"sameAs\":[\"https:\/\/www.facebook.com\/profile.php?id=100063463516718\"]}]}<\/script>\n<!-- \/ Yoast SEO plugin. -->","yoast_head_json":{"title":"Einf\u00fchrung | OYERS","robots":{"index":"index","follow":"follow","max-snippet":"max-snippet:-1","max-image-preview":"max-image-preview:large","max-video-preview":"max-video-preview:-1"},"canonical":"https:\/\/oyers.law\/de\/","og_locale":"de_DE","og_type":"article","og_title":"Einf\u00fchrung | OYERS","og_url":"https:\/\/oyers.law\/de\/","og_site_name":"OYERS","article_publisher":"https:\/\/www.facebook.com\/profile.php?id=100063463516718","article_modified_time":"2022-10-26T20:08:45+00:00","og_image":[{"url":"https:\/\/oyers.law\/wp-content\/uploads\/2022\/09\/Business_4k_resolution-37-resize-compress-cropp-1024x738.jpg"}],"twitter_card":"summary_large_image","twitter_misc":{"Gesch\u00e4tzte Lesezeit":"1\u00a0Minute"},"schema":{"@context":"https:\/\/schema.org","@graph":[{"@type":"WebPage","@id":"https:\/\/oyers.law\/de\/","url":"https:\/\/oyers.law\/de\/","name":"Einf\u00fchrung | OYERS","isPartOf":{"@id":"https:\/\/oyers.law\/de\/#website"},"datePublished":"2022-08-22T14:11:48+00:00","dateModified":"2022-10-26T20:08:45+00:00","breadcrumb":{"@id":"https:\/\/oyers.law\/de\/#breadcrumb"},"inLanguage":"de","potentialAction":[{"@type":"ReadAction","target":["https:\/\/oyers.law\/de\/"]}]},{"@type":"BreadcrumbList","@id":"https:\/\/oyers.law\/de\/#breadcrumb","itemListElement":[{"@type":"ListItem","position":1,"name":"Dom\u016f","item":"https:\/\/oyers.law\/de\/"},{"@type":"ListItem","position":2,"name":"Einf\u00fchrung"}]},{"@type":"WebSite","@id":"https:\/\/oyers.law\/de\/#website","url":"https:\/\/oyers.law\/de\/","name":"OYERS","description":"","publisher":{"@id":"https:\/\/oyers.law\/de\/#organization"},"potentialAction":[{"@type":"SearchAction","target":{"@type":"EntryPoint","urlTemplate":"https:\/\/oyers.law\/de\/?s={search_term_string}"},"query-input":"required name=search_term_string"}],"inLanguage":"de"},{"@type":"Organization","@id":"https:\/\/oyers.law\/de\/#organization","name":"OYERS","url":"https:\/\/oyers.law\/de\/","logo":{"@type":"ImageObject","inLanguage":"de","@id":"https:\/\/oyers.law\/de\/#\/schema\/logo\/image\/","url":"https:\/\/oyers.law\/wp-content\/uploads\/2022\/08\/logo.png","contentUrl":"https:\/\/oyers.law\/wp-content\/uploads\/2022\/08\/logo.png","width":681,"height":255,"caption":"OYERS"},"image":{"@id":"https:\/\/oyers.law\/de\/#\/schema\/logo\/image\/"},"sameAs":["https:\/\/www.facebook.com\/profile.php?id=100063463516718"]}]}},"_links":{"self":[{"href":"https:\/\/oyers.law\/de\/wp-json\/wp\/v2\/pages\/457","targetHints":{"allow":["GET"]}}],"collection":[{"href":"https:\/\/oyers.law\/de\/wp-json\/wp\/v2\/pages"}],"about":[{"href":"https:\/\/oyers.law\/de\/wp-json\/wp\/v2\/types\/page"}],"author":[{"embeddable":true,"href":"https:\/\/oyers.law\/de\/wp-json\/wp\/v2\/users\/2"}],"replies":[{"embeddable":true,"href":"https:\/\/oyers.law\/de\/wp-json\/wp\/v2\/comments?post=457"}],"version-history":[{"count":1,"href":"https:\/\/oyers.law\/de\/wp-json\/wp\/v2\/pages\/457\/revisions"}],"predecessor-version":[{"id":522,"href":"https:\/\/oyers.law\/de\/wp-json\/wp\/v2\/pages\/457\/revisions\/522"}],"wp:featuredmedia":[{"embeddable":true,"href":"https:\/\/oyers.law\/de\/wp-json\/wp\/v2\/media\/723"}],"wp:attachment":[{"href":"https:\/\/oyers.law\/de\/wp-json\/wp\/v2\/media?parent=457"}],"curies":[{"name":"wp","href":"https:\/\/api.w.org\/{rel}","templated":true}]}}