{"id":464,"date":"2022-08-22T16:13:45","date_gmt":"2022-08-22T14:13:45","guid":{"rendered":"https:\/\/oyers.law\/?page_id=464"},"modified":"2022-10-27T00:15:31","modified_gmt":"2022-10-26T22:15:31","slug":"team","status":"publish","type":"page","link":"https:\/\/oyers.law\/de\/team\/","title":{"rendered":"Team"},"content":{"rendered":"","protected":false},"excerpt":{"rendered":"","protected":false},"author":2,"featured_media":0,"parent":0,"menu_order":5,"comment_status":"closed","ping_status":"closed","template":"page-our-team.php","meta":{"footnotes":""},"class_list":["post-464","page","type-page","status-publish","hentry"],"yoast_head":"<!-- This site is optimized with the Yoast SEO plugin v19.11 - https:\/\/yoast.com\/wordpress\/plugins\/seo\/ -->\n<title>Team | OYERS<\/title>\n<meta name=\"description\" content=\"N\u00e1\u0161 v\u00edce jak deseti\u010dlenn\u00fd t\u00fdm zku\u0161en\u00fdch pr\u00e1vn\u00edk\u016f a advok\u00e1t\u016f je v\u00e1m pln\u011b k dispozici. Zakl\u00e1d\u00e1me si na nadstandardn\u00edm p\u0159\u00edstupu ke klient\u016fm.\" \/>\n<meta name=\"robots\" content=\"index, follow, max-snippet:-1, max-image-preview:large, max-video-preview:-1\" \/>\n<link rel=\"canonical\" href=\"https:\/\/oyers.law\/de\/team\/\" \/>\n<meta property=\"og:locale\" content=\"de_DE\" \/>\n<meta property=\"og:type\" content=\"article\" \/>\n<meta property=\"og:title\" content=\"Team | OYERS\" \/>\n<meta property=\"og:description\" content=\"N\u00e1\u0161 v\u00edce jak deseti\u010dlenn\u00fd t\u00fdm zku\u0161en\u00fdch pr\u00e1vn\u00edk\u016f a advok\u00e1t\u016f je v\u00e1m pln\u011b k dispozici. Zakl\u00e1d\u00e1me si na nadstandardn\u00edm p\u0159\u00edstupu ke klient\u016fm.\" \/>\n<meta property=\"og:url\" content=\"https:\/\/oyers.law\/de\/team\/\" \/>\n<meta property=\"og:site_name\" content=\"OYERS\" \/>\n<meta property=\"article:publisher\" content=\"https:\/\/www.facebook.com\/profile.php?id=100063463516718\" \/>\n<meta property=\"article:modified_time\" content=\"2022-10-26T22:15:31+00:00\" \/>\n<meta property=\"og:image\" content=\"https:\/\/oyers.law\/wp-content\/uploads\/2022\/08\/logo.png\" \/>\n\t<meta property=\"og:image:width\" content=\"681\" \/>\n\t<meta property=\"og:image:height\" content=\"255\" \/>\n\t<meta property=\"og:image:type\" content=\"image\/png\" \/>\n<meta name=\"twitter:card\" content=\"summary_large_image\" \/>\n<script type=\"application\/ld+json\" class=\"yoast-schema-graph\">{\"@context\":\"https:\/\/schema.org\",\"@graph\":[{\"@type\":\"WebPage\",\"@id\":\"https:\/\/oyers.law\/de\/team\/\",\"url\":\"https:\/\/oyers.law\/de\/team\/\",\"name\":\"Team | OYERS\",\"isPartOf\":{\"@id\":\"https:\/\/oyers.law\/de\/#website\"},\"datePublished\":\"2022-08-22T14:13:45+00:00\",\"dateModified\":\"2022-10-26T22:15:31+00:00\",\"description\":\"N\u00e1\u0161 v\u00edce jak deseti\u010dlenn\u00fd t\u00fdm zku\u0161en\u00fdch pr\u00e1vn\u00edk\u016f a advok\u00e1t\u016f je v\u00e1m pln\u011b k dispozici. Zakl\u00e1d\u00e1me si na nadstandardn\u00edm p\u0159\u00edstupu ke klient\u016fm.\",\"breadcrumb\":{\"@id\":\"https:\/\/oyers.law\/de\/team\/#breadcrumb\"},\"inLanguage\":\"de\",\"potentialAction\":[{\"@type\":\"ReadAction\",\"target\":[\"https:\/\/oyers.law\/de\/team\/\"]}]},{\"@type\":\"BreadcrumbList\",\"@id\":\"https:\/\/oyers.law\/de\/team\/#breadcrumb\",\"itemListElement\":[{\"@type\":\"ListItem\",\"position\":1,\"name\":\"Dom\u016f\",\"item\":\"https:\/\/oyers.law\/de\/\"},{\"@type\":\"ListItem\",\"position\":2,\"name\":\"Team\"}]},{\"@type\":\"WebSite\",\"@id\":\"https:\/\/oyers.law\/de\/#website\",\"url\":\"https:\/\/oyers.law\/de\/\",\"name\":\"OYERS\",\"description\":\"\",\"publisher\":{\"@id\":\"https:\/\/oyers.law\/de\/#organization\"},\"potentialAction\":[{\"@type\":\"SearchAction\",\"target\":{\"@type\":\"EntryPoint\",\"urlTemplate\":\"https:\/\/oyers.law\/de\/?s={search_term_string}\"},\"query-input\":\"required name=search_term_string\"}],\"inLanguage\":\"de\"},{\"@type\":\"Organization\",\"@id\":\"https:\/\/oyers.law\/de\/#organization\",\"name\":\"OYERS\",\"url\":\"https:\/\/oyers.law\/de\/\",\"logo\":{\"@type\":\"ImageObject\",\"inLanguage\":\"de\",\"@id\":\"https:\/\/oyers.law\/de\/#\/schema\/logo\/image\/\",\"url\":\"https:\/\/oyers.law\/wp-content\/uploads\/2022\/08\/logo.png\",\"contentUrl\":\"https:\/\/oyers.law\/wp-content\/uploads\/2022\/08\/logo.png\",\"width\":681,\"height\":255,\"caption\":\"OYERS\"},\"image\":{\"@id\":\"https:\/\/oyers.law\/de\/#\/schema\/logo\/image\/\"},\"sameAs\":[\"https:\/\/www.facebook.com\/profile.php?id=100063463516718\"]}]}<\/script>\n<!-- \/ Yoast SEO plugin. -->","yoast_head_json":{"title":"Team | OYERS","description":"N\u00e1\u0161 v\u00edce jak deseti\u010dlenn\u00fd t\u00fdm zku\u0161en\u00fdch pr\u00e1vn\u00edk\u016f a advok\u00e1t\u016f je v\u00e1m pln\u011b k dispozici. Zakl\u00e1d\u00e1me si na nadstandardn\u00edm p\u0159\u00edstupu ke klient\u016fm.","robots":{"index":"index","follow":"follow","max-snippet":"max-snippet:-1","max-image-preview":"max-image-preview:large","max-video-preview":"max-video-preview:-1"},"canonical":"https:\/\/oyers.law\/de\/team\/","og_locale":"de_DE","og_type":"article","og_title":"Team | OYERS","og_description":"N\u00e1\u0161 v\u00edce jak deseti\u010dlenn\u00fd t\u00fdm zku\u0161en\u00fdch pr\u00e1vn\u00edk\u016f a advok\u00e1t\u016f je v\u00e1m pln\u011b k dispozici. Zakl\u00e1d\u00e1me si na nadstandardn\u00edm p\u0159\u00edstupu ke klient\u016fm.","og_url":"https:\/\/oyers.law\/de\/team\/","og_site_name":"OYERS","article_publisher":"https:\/\/www.facebook.com\/profile.php?id=100063463516718","article_modified_time":"2022-10-26T22:15:31+00:00","og_image":[{"width":681,"height":255,"url":"https:\/\/oyers.law\/wp-content\/uploads\/2022\/08\/logo.png","type":"image\/png"}],"twitter_card":"summary_large_image","schema":{"@context":"https:\/\/schema.org","@graph":[{"@type":"WebPage","@id":"https:\/\/oyers.law\/de\/team\/","url":"https:\/\/oyers.law\/de\/team\/","name":"Team | OYERS","isPartOf":{"@id":"https:\/\/oyers.law\/de\/#website"},"datePublished":"2022-08-22T14:13:45+00:00","dateModified":"2022-10-26T22:15:31+00:00","description":"N\u00e1\u0161 v\u00edce jak deseti\u010dlenn\u00fd t\u00fdm zku\u0161en\u00fdch pr\u00e1vn\u00edk\u016f a advok\u00e1t\u016f je v\u00e1m pln\u011b k dispozici. Zakl\u00e1d\u00e1me si na nadstandardn\u00edm p\u0159\u00edstupu ke klient\u016fm.","breadcrumb":{"@id":"https:\/\/oyers.law\/de\/team\/#breadcrumb"},"inLanguage":"de","potentialAction":[{"@type":"ReadAction","target":["https:\/\/oyers.law\/de\/team\/"]}]},{"@type":"BreadcrumbList","@id":"https:\/\/oyers.law\/de\/team\/#breadcrumb","itemListElement":[{"@type":"ListItem","position":1,"name":"Dom\u016f","item":"https:\/\/oyers.law\/de\/"},{"@type":"ListItem","position":2,"name":"Team"}]},{"@type":"WebSite","@id":"https:\/\/oyers.law\/de\/#website","url":"https:\/\/oyers.law\/de\/","name":"OYERS","description":"","publisher":{"@id":"https:\/\/oyers.law\/de\/#organization"},"potentialAction":[{"@type":"SearchAction","target":{"@type":"EntryPoint","urlTemplate":"https:\/\/oyers.law\/de\/?s={search_term_string}"},"query-input":"required name=search_term_string"}],"inLanguage":"de"},{"@type":"Organization","@id":"https:\/\/oyers.law\/de\/#organization","name":"OYERS","url":"https:\/\/oyers.law\/de\/","logo":{"@type":"ImageObject","inLanguage":"de","@id":"https:\/\/oyers.law\/de\/#\/schema\/logo\/image\/","url":"https:\/\/oyers.law\/wp-content\/uploads\/2022\/08\/logo.png","contentUrl":"https:\/\/oyers.law\/wp-content\/uploads\/2022\/08\/logo.png","width":681,"height":255,"caption":"OYERS"},"image":{"@id":"https:\/\/oyers.law\/de\/#\/schema\/logo\/image\/"},"sameAs":["https:\/\/www.facebook.com\/profile.php?id=100063463516718"]}]}},"_links":{"self":[{"href":"https:\/\/oyers.law\/de\/wp-json\/wp\/v2\/pages\/464","targetHints":{"allow":["GET"]}}],"collection":[{"href":"https:\/\/oyers.law\/de\/wp-json\/wp\/v2\/pages"}],"about":[{"href":"https:\/\/oyers.law\/de\/wp-json\/wp\/v2\/types\/page"}],"author":[{"embeddable":true,"href":"https:\/\/oyers.law\/de\/wp-json\/wp\/v2\/users\/2"}],"replies":[{"embeddable":true,"href":"https:\/\/oyers.law\/de\/wp-json\/wp\/v2\/comments?post=464"}],"version-history":[{"count":2,"href":"https:\/\/oyers.law\/de\/wp-json\/wp\/v2\/pages\/464\/revisions"}],"predecessor-version":[{"id":585,"href":"https:\/\/oyers.law\/de\/wp-json\/wp\/v2\/pages\/464\/revisions\/585"}],"wp:attachment":[{"href":"https:\/\/oyers.law\/de\/wp-json\/wp\/v2\/media?parent=464"}],"curies":[{"name":"wp","href":"https:\/\/api.w.org\/{rel}","templated":true}]}}