{"id":475,"date":"2022-10-26T21:08:34","date_gmt":"2022-10-26T19:08:34","guid":{"rendered":"https:\/\/oyers.law\/?page_id=475"},"modified":"2022-10-26T21:09:39","modified_gmt":"2022-10-26T19:09:39","slug":"uber-uns","status":"publish","type":"page","link":"https:\/\/oyers.law\/de\/uber-uns\/","title":{"rendered":"\u00dcber uns"},"content":{"rendered":"\n<div class=\"wp-block-media-text alignwide is-stacked-on-mobile\"><figure class=\"wp-block-media-text__media\"><img loading=\"lazy\" decoding=\"async\" width=\"900\" height=\"600\" src=\"https:\/\/oyers.law\/wp-content\/uploads\/2022\/08\/Business_4k_resolution-28-resize-900-600.jpg\" alt=\"Oyers - t\u00fdm\" class=\"wp-image-159 size-full\" srcset=\"https:\/\/oyers.law\/wp-content\/uploads\/2022\/08\/Business_4k_resolution-28-resize-900-600.jpg 900w, https:\/\/oyers.law\/wp-content\/uploads\/2022\/08\/Business_4k_resolution-28-resize-900-600-300x200.jpg 300w, https:\/\/oyers.law\/wp-content\/uploads\/2022\/08\/Business_4k_resolution-28-resize-900-600-768x512.jpg 768w\" sizes=\"auto, (max-width: 900px) 100vw, 900px\" \/><\/figure><div class=\"wp-block-media-text__content\">\n<p>Wir sind seit \u00fcber 25 Jahren auf dem Markt t\u00e4tig. In dieser Zeit habenwir unersch\u00f6pfliche Erfahrungen in allen Rechtsbereichen gesammelt. Sie finden Niederlassungenunserer Anwaltskanzlei in Brno und Ostrava.<\/p>\n\n\n\n<p>Verschieben Sie IhrProblem nicht auf morgen. Rufen Sie uns wochentags zwischen 9 und 16 Uhr anoder schreiben Sie uns jederzeit und wir vereinbaren einen Termin.<\/p>\n<\/div><\/div>\n","protected":false},"excerpt":{"rendered":"<p>Wir sind seit \u00fcber 25 Jahren auf dem Markt t\u00e4tig. In dieser Zeit habenwir unersch\u00f6pfliche Erfahrungen in allen Rechtsbereichen gesammelt. Sie finden Niederlassungenunserer Anwaltskanzlei in Brno und Ostrava. Verschieben Sie IhrProblem nicht auf morgen. Rufen Sie uns wochentags zwischen 9 und 16 Uhr anoder schreiben Sie uns jederzeit und wir vereinbaren einen Termin.<\/p>\n","protected":false},"author":2,"featured_media":0,"parent":0,"menu_order":1,"comment_status":"closed","ping_status":"closed","template":"","meta":{"footnotes":""},"class_list":["post-475","page","type-page","status-publish","hentry"],"yoast_head":"<!-- This site is optimized with the Yoast SEO plugin v19.11 - https:\/\/yoast.com\/wordpress\/plugins\/seo\/ -->\n<title>\u00dcber uns | OYERS<\/title>\n<meta name=\"robots\" content=\"index, follow, max-snippet:-1, max-image-preview:large, max-video-preview:-1\" \/>\n<link rel=\"canonical\" href=\"https:\/\/oyers.law\/de\/uber-uns\/\" \/>\n<meta property=\"og:locale\" content=\"de_DE\" \/>\n<meta property=\"og:type\" content=\"article\" \/>\n<meta property=\"og:title\" content=\"\u00dcber uns | OYERS\" \/>\n<meta property=\"og:description\" content=\"Wir sind seit \u00fcber 25 Jahren auf dem Markt t\u00e4tig. In dieser Zeit habenwir unersch\u00f6pfliche Erfahrungen in allen Rechtsbereichen gesammelt. Sie finden Niederlassungenunserer Anwaltskanzlei in Brno und Ostrava. Verschieben Sie IhrProblem nicht auf morgen. Rufen Sie uns wochentags zwischen 9 und 16 Uhr anoder schreiben Sie uns jederzeit und wir vereinbaren einen Termin.\" \/>\n<meta property=\"og:url\" content=\"https:\/\/oyers.law\/de\/uber-uns\/\" \/>\n<meta property=\"og:site_name\" content=\"OYERS\" \/>\n<meta property=\"article:publisher\" content=\"https:\/\/www.facebook.com\/profile.php?id=100063463516718\" \/>\n<meta property=\"article:modified_time\" content=\"2022-10-26T19:09:39+00:00\" \/>\n<meta property=\"og:image\" content=\"https:\/\/oyers.law\/wp-content\/uploads\/2022\/08\/Business_4k_resolution-28-resize-900-600.jpg\" \/>\n<meta name=\"twitter:card\" content=\"summary_large_image\" \/>\n<meta name=\"twitter:label1\" content=\"Gesch\u00e4tzte Lesezeit\" \/>\n\t<meta name=\"twitter:data1\" content=\"1\u00a0Minute\" \/>\n<script type=\"application\/ld+json\" class=\"yoast-schema-graph\">{\"@context\":\"https:\/\/schema.org\",\"@graph\":[{\"@type\":\"WebPage\",\"@id\":\"https:\/\/oyers.law\/de\/uber-uns\/\",\"url\":\"https:\/\/oyers.law\/de\/uber-uns\/\",\"name\":\"\u00dcber uns | OYERS\",\"isPartOf\":{\"@id\":\"https:\/\/oyers.law\/de\/#website\"},\"datePublished\":\"2022-10-26T19:08:34+00:00\",\"dateModified\":\"2022-10-26T19:09:39+00:00\",\"breadcrumb\":{\"@id\":\"https:\/\/oyers.law\/de\/uber-uns\/#breadcrumb\"},\"inLanguage\":\"de\",\"potentialAction\":[{\"@type\":\"ReadAction\",\"target\":[\"https:\/\/oyers.law\/de\/uber-uns\/\"]}]},{\"@type\":\"BreadcrumbList\",\"@id\":\"https:\/\/oyers.law\/de\/uber-uns\/#breadcrumb\",\"itemListElement\":[{\"@type\":\"ListItem\",\"position\":1,\"name\":\"Dom\u016f\",\"item\":\"https:\/\/oyers.law\/de\/\"},{\"@type\":\"ListItem\",\"position\":2,\"name\":\"\u00dcber uns\"}]},{\"@type\":\"WebSite\",\"@id\":\"https:\/\/oyers.law\/de\/#website\",\"url\":\"https:\/\/oyers.law\/de\/\",\"name\":\"OYERS\",\"description\":\"\",\"publisher\":{\"@id\":\"https:\/\/oyers.law\/de\/#organization\"},\"potentialAction\":[{\"@type\":\"SearchAction\",\"target\":{\"@type\":\"EntryPoint\",\"urlTemplate\":\"https:\/\/oyers.law\/de\/?s={search_term_string}\"},\"query-input\":\"required name=search_term_string\"}],\"inLanguage\":\"de\"},{\"@type\":\"Organization\",\"@id\":\"https:\/\/oyers.law\/de\/#organization\",\"name\":\"OYERS\",\"url\":\"https:\/\/oyers.law\/de\/\",\"logo\":{\"@type\":\"ImageObject\",\"inLanguage\":\"de\",\"@id\":\"https:\/\/oyers.law\/de\/#\/schema\/logo\/image\/\",\"url\":\"https:\/\/oyers.law\/wp-content\/uploads\/2022\/08\/logo.png\",\"contentUrl\":\"https:\/\/oyers.law\/wp-content\/uploads\/2022\/08\/logo.png\",\"width\":681,\"height\":255,\"caption\":\"OYERS\"},\"image\":{\"@id\":\"https:\/\/oyers.law\/de\/#\/schema\/logo\/image\/\"},\"sameAs\":[\"https:\/\/www.facebook.com\/profile.php?id=100063463516718\"]}]}<\/script>\n<!-- \/ Yoast SEO plugin. -->","yoast_head_json":{"title":"\u00dcber uns | OYERS","robots":{"index":"index","follow":"follow","max-snippet":"max-snippet:-1","max-image-preview":"max-image-preview:large","max-video-preview":"max-video-preview:-1"},"canonical":"https:\/\/oyers.law\/de\/uber-uns\/","og_locale":"de_DE","og_type":"article","og_title":"\u00dcber uns | OYERS","og_description":"Wir sind seit \u00fcber 25 Jahren auf dem Markt t\u00e4tig. In dieser Zeit habenwir unersch\u00f6pfliche Erfahrungen in allen Rechtsbereichen gesammelt. Sie finden Niederlassungenunserer Anwaltskanzlei in Brno und Ostrava. Verschieben Sie IhrProblem nicht auf morgen. Rufen Sie uns wochentags zwischen 9 und 16 Uhr anoder schreiben Sie uns jederzeit und wir vereinbaren einen Termin.","og_url":"https:\/\/oyers.law\/de\/uber-uns\/","og_site_name":"OYERS","article_publisher":"https:\/\/www.facebook.com\/profile.php?id=100063463516718","article_modified_time":"2022-10-26T19:09:39+00:00","og_image":[{"url":"https:\/\/oyers.law\/wp-content\/uploads\/2022\/08\/Business_4k_resolution-28-resize-900-600.jpg"}],"twitter_card":"summary_large_image","twitter_misc":{"Gesch\u00e4tzte Lesezeit":"1\u00a0Minute"},"schema":{"@context":"https:\/\/schema.org","@graph":[{"@type":"WebPage","@id":"https:\/\/oyers.law\/de\/uber-uns\/","url":"https:\/\/oyers.law\/de\/uber-uns\/","name":"\u00dcber uns | OYERS","isPartOf":{"@id":"https:\/\/oyers.law\/de\/#website"},"datePublished":"2022-10-26T19:08:34+00:00","dateModified":"2022-10-26T19:09:39+00:00","breadcrumb":{"@id":"https:\/\/oyers.law\/de\/uber-uns\/#breadcrumb"},"inLanguage":"de","potentialAction":[{"@type":"ReadAction","target":["https:\/\/oyers.law\/de\/uber-uns\/"]}]},{"@type":"BreadcrumbList","@id":"https:\/\/oyers.law\/de\/uber-uns\/#breadcrumb","itemListElement":[{"@type":"ListItem","position":1,"name":"Dom\u016f","item":"https:\/\/oyers.law\/de\/"},{"@type":"ListItem","position":2,"name":"\u00dcber uns"}]},{"@type":"WebSite","@id":"https:\/\/oyers.law\/de\/#website","url":"https:\/\/oyers.law\/de\/","name":"OYERS","description":"","publisher":{"@id":"https:\/\/oyers.law\/de\/#organization"},"potentialAction":[{"@type":"SearchAction","target":{"@type":"EntryPoint","urlTemplate":"https:\/\/oyers.law\/de\/?s={search_term_string}"},"query-input":"required name=search_term_string"}],"inLanguage":"de"},{"@type":"Organization","@id":"https:\/\/oyers.law\/de\/#organization","name":"OYERS","url":"https:\/\/oyers.law\/de\/","logo":{"@type":"ImageObject","inLanguage":"de","@id":"https:\/\/oyers.law\/de\/#\/schema\/logo\/image\/","url":"https:\/\/oyers.law\/wp-content\/uploads\/2022\/08\/logo.png","contentUrl":"https:\/\/oyers.law\/wp-content\/uploads\/2022\/08\/logo.png","width":681,"height":255,"caption":"OYERS"},"image":{"@id":"https:\/\/oyers.law\/de\/#\/schema\/logo\/image\/"},"sameAs":["https:\/\/www.facebook.com\/profile.php?id=100063463516718"]}]}},"_links":{"self":[{"href":"https:\/\/oyers.law\/de\/wp-json\/wp\/v2\/pages\/475","targetHints":{"allow":["GET"]}}],"collection":[{"href":"https:\/\/oyers.law\/de\/wp-json\/wp\/v2\/pages"}],"about":[{"href":"https:\/\/oyers.law\/de\/wp-json\/wp\/v2\/types\/page"}],"author":[{"embeddable":true,"href":"https:\/\/oyers.law\/de\/wp-json\/wp\/v2\/users\/2"}],"replies":[{"embeddable":true,"href":"https:\/\/oyers.law\/de\/wp-json\/wp\/v2\/comments?post=475"}],"version-history":[{"count":1,"href":"https:\/\/oyers.law\/de\/wp-json\/wp\/v2\/pages\/475\/revisions"}],"predecessor-version":[{"id":477,"href":"https:\/\/oyers.law\/de\/wp-json\/wp\/v2\/pages\/475\/revisions\/477"}],"wp:attachment":[{"href":"https:\/\/oyers.law\/de\/wp-json\/wp\/v2\/media?parent=475"}],"curies":[{"name":"wp","href":"https:\/\/api.w.org\/{rel}","templated":true}]}}