{"id":578,"date":"2022-08-22T16:14:47","date_gmt":"2022-08-22T14:14:47","guid":{"rendered":"https:\/\/oyers.law\/?page_id=578"},"modified":"2022-12-07T14:54:27","modified_gmt":"2022-12-07T13:54:27","slug":"kontakt","status":"publish","type":"page","link":"https:\/\/oyers.law\/de\/kontakt\/","title":{"rendered":"Kontakt"},"content":{"rendered":"\n<div class=\"wp-block-columns is-layout-flex wp-container-core-columns-is-layout-9d6595d7 wp-block-columns-is-layout-flex\">\n<div class=\"wp-block-column is-layout-flow wp-block-column-is-layout-flow\">\n<div class=\"wp-block-columns is-layout-flex wp-container-core-columns-is-layout-9d6595d7 wp-block-columns-is-layout-flex\">\n<div class=\"wp-block-column is-layout-flow wp-block-column-is-layout-flow\" style=\"flex-basis:50%\">\n<ul class=\"wp-block-list\">\n<li><strong>OYERS advok\u00e1tn\u00ed kancel\u00e1\u0159, v.o.s.<\/strong><\/li>\n\n\n\n<li><strong><a href=\"tel:+420549213630\">Telefon<\/a><\/strong>:&nbsp;<a href=\"tel:+420549213630\">+420 549 213 630<\/a><\/li>\n\n\n\n<li><strong><a href=\"mailto:info@oyers.law\">E-mail:<\/a><\/strong><a href=\"mailto:info@oyers.law\">&nbsp;info@oyers.law<\/a><\/li>\n\n\n\n<li><a href=\"https:\/\/www.mojedatovaschranka.cz\/sds\/searchList?start=null&amp;extendedSearch=no&amp;searchCriterion=ovm_name_of_subject&amp;searchValue=m6yg5ez\" target=\"_blank\" rel=\"noreferrer noopener\"><strong><strong>ID DATENFELDER:<\/strong>&nbsp;<\/strong><\/a><strong><a href=\"https:\/\/www.mojedatovaschranka.cz\/sds\/searchList?start=null&amp;extendedSearch=no&amp;searchCriterion=ovm_name_of_subject&amp;searchValue=3c3u39p\" target=\"_blank\" rel=\"noreferrer noopener\">3c3u39p<\/a><\/strong><\/li>\n\n\n\n<li><strong>I\u010c:<\/strong>&nbsp;17497680<\/li>\n\n\n\n<li><strong>DI\u010c:<\/strong> CZ17497680<\/li>\n<\/ul>\n<\/div>\n\n\n\n<div class=\"wp-block-column is-layout-flow wp-block-column-is-layout-flow\" style=\"flex-basis:33.33%\">\n<p><strong>Br\u00fcnn<\/strong><br><a href=\"https:\/\/www.google.com\/maps\/place\/Okru%C5%BEn%C3%AD+433%2F1,+638+00+Brno-sever-Lesn%C3%A1\/@49.2209916,16.6262377,17z\/data=!3m1!4b1!4m5!3m4!1s0x4712947ef637e04f:0xac6c42af2c18e652!8m2!3d49.2209881!4d16.6284264?hl=cs-CZ\" target=\"_blank\" rel=\"noreferrer noopener\"><strong>Okru\u017en\u00ed 433\/1, 638 00 Brno<\/strong><\/a><\/p>\n\n\n\n<p><strong>Ostrava<\/strong><br><strong><a href=\"https:\/\/www.google.com\/maps\/place\/OYERS+advok%C3%A1tn%C3%AD+kancel%C3%A1%C5%99\/@49.8344993,18.2482849,17z\/data=!3m1!4b1!4m6!3m5!1s0x4713e3856bc55f57:0x9c4c475630b33474!8m2!3d49.8344993!4d18.2482849!16s%2Fg%2F11jz0z1mzl\" target=\"_blank\" rel=\"noreferrer noopener\">Grmelova 2107\/13b,709 00 Ostrava, Mari\u00e1nsk\u00e9 Hory<\/a><\/strong><\/p>\n<\/div>\n<\/div>\n<\/div>\n<\/div>\n\n\n\n<div class=\"wp-block-columns is-layout-flex wp-container-core-columns-is-layout-9d6595d7 wp-block-columns-is-layout-flex\">\n<div class=\"wp-block-column is-layout-flow wp-block-column-is-layout-flow\" style=\"flex-basis:100%\">\n<div class=\"wp-block-contact-form-7-contact-form-selector\">\n<div class=\"wpcf7 no-js\" id=\"wpcf7-f768-o1\" lang=\"de-DE\" dir=\"ltr\">\n<div class=\"screen-reader-response\"><p role=\"status\" aria-live=\"polite\" aria-atomic=\"true\"><\/p> <ul><\/ul><\/div>\n<form action=\"\/de\/wp-json\/wp\/v2\/pages\/578#wpcf7-f768-o1\" method=\"post\" class=\"wpcf7-form init\" aria-label=\"Kontaktformular\" novalidate=\"novalidate\" data-status=\"init\">\n<div style=\"display: none;\">\n<input type=\"hidden\" name=\"_wpcf7\" value=\"768\" \/>\n<input type=\"hidden\" name=\"_wpcf7_version\" value=\"5.7.7\" \/>\n<input type=\"hidden\" name=\"_wpcf7_locale\" value=\"de_DE\" \/>\n<input type=\"hidden\" name=\"_wpcf7_unit_tag\" value=\"wpcf7-f768-o1\" \/>\n<input type=\"hidden\" name=\"_wpcf7_container_post\" value=\"0\" \/>\n<input type=\"hidden\" name=\"_wpcf7_posted_data_hash\" value=\"\" \/>\n<input type=\"hidden\" name=\"_wpcf7_recaptcha_response\" value=\"\" \/>\n<\/div>\n<h2>Kontakt Formular\n<\/h2>\n<p><label class=\"half\"><span class=\"wpcf7-form-control-wrap\" data-name=\"service_name\"><input size=\"40\" class=\"wpcf7-form-control wpcf7-text wpcf7-validates-as-required\" aria-required=\"true\" aria-invalid=\"false\" value=\"\" type=\"text\" name=\"service_name\" \/><\/span><span class=\"cm-placeholder\">Vollst\u00e4ndiger Name<\/span><\/label><br \/>\n<label class=\"half\"><span class=\"wpcf7-form-control-wrap\" data-name=\"service_email\"><input size=\"40\" class=\"wpcf7-form-control wpcf7-text wpcf7-email wpcf7-validates-as-required wpcf7-validates-as-email\" aria-required=\"true\" aria-invalid=\"false\" value=\"\" type=\"email\" name=\"service_email\" \/><\/span><span class=\"cm-placeholder\">Deine E-Mail<\/span><\/label><br \/>\n<label><span class=\"wpcf7-form-control-wrap\" data-name=\"service_text\"><textarea cols=\"40\" rows=\"10\" class=\"wpcf7-form-control wpcf7-textarea wpcf7-validates-as-required\" aria-required=\"true\" aria-invalid=\"false\" name=\"service_text\"><\/textarea><\/span><span class=\"cm-placeholder\">Ihre Nachricht<\/span><\/label><br \/>\n<label class=\"flap\"><span>Mit (*) gekennzeichnete Felder sind Pflichtfelder.<\/span><\/label><br \/>\n<label class=\"flap to-right\"><input class=\"wpcf7-form-control has-spinner wpcf7-submit\" type=\"submit\" value=\"Senden\" \/><\/label>\n<\/p><div class=\"wpcf7-response-output\" aria-hidden=\"true\"><\/div>\n<\/form>\n<\/div>\n<\/div>\n<\/div>\n<\/div>\n\n\n\n<div class=\"wp-block-columns is-layout-flex wp-container-core-columns-is-layout-9d6595d7 wp-block-columns-is-layout-flex\">\n<div class=\"wp-block-column is-layout-flow wp-block-column-is-layout-flow\">\n<iframe src=\"https:\/\/www.google.com\/maps\/embed?pb=!1m18!1m12!1m3!1d2605.9227776620305!2d16.62623235164925!3d49.220991582958646!2m3!1f0!2f0!3f0!3m2!1i1024!2i768!4f13.1!3m3!1m2!1s0x4712947ef637e04f%3A0xac6c42af2c18e652!2zT2tydcW-bsOtIDQzMy8xLCA2MzggMDAgQnJuby1zZXZlci1MZXNuw6E!5e0!3m2!1scs!2scz!4v1662708725439!5m2!1scs!2scz\" width=\"100%\" height=\"450\" style=\"border:0;\" allowfullscreen=\"\" loading=\"lazy\" referrerpolicy=\"no-referrer-when-downgrade\"><\/iframe>\n<\/div>\n\n\n\n<div class=\"wp-block-column is-layout-flow wp-block-column-is-layout-flow\">\n<iframe src=\"https:\/\/www.google.com\/maps\/embed?pb=!1m18!1m12!1m3!1d2573.423516397634!2d18.2482849!3d49.8344993!2m3!1f0!2f0!3f0!3m2!1i1024!2i768!4f13.1!3m3!1m2!1s0x4713e3856bc55f57%3A0x9c4c475630b33474!2zT1lFUlMgYWR2b2vDoXRuw60ga2FuY2Vsw6HFmQ!5e0!3m2!1scs!2scz!4v1668066576099!5m2!1scs!2scz\" width=\"100%\" height=\"450\" style=\"border:0;\" allowfullscreen=\"\" loading=\"lazy\" referrerpolicy=\"no-referrer-when-downgrade\"><\/iframe>\n<\/div>\n<\/div>\n","protected":false},"excerpt":{"rendered":"<p>Br\u00fcnnOkru\u017en\u00ed 433\/1, 638 00 Brno OstravaGrmelova 2107\/13b,709 00 Ostrava, Mari\u00e1nsk\u00e9 Hory<\/p>\n","protected":false},"author":2,"featured_media":0,"parent":0,"menu_order":7,"comment_status":"closed","ping_status":"closed","template":"page-our-contact.php","meta":{"footnotes":""},"class_list":["post-578","page","type-page","status-publish","hentry"],"yoast_head":"<!-- This site is optimized with the Yoast SEO plugin v19.11 - https:\/\/yoast.com\/wordpress\/plugins\/seo\/ -->\n<title>Kontakt | OYERS<\/title>\n<meta name=\"description\" content=\"Kontaktujte advok\u00e1tn\u00ed kancel\u00e1\u0159 OYERS s\u00eddl\u00edc\u00ed v Ostrav\u011b a Brn\u011b. Zab\u00fdv\u00e1me se v\u0161emi oblastmi pr\u00e1va a m\u00e1me za sebou v\u00edce jak 28 let zku\u0161enost\u00ed.\" \/>\n<meta name=\"robots\" content=\"index, follow, max-snippet:-1, max-image-preview:large, max-video-preview:-1\" \/>\n<link rel=\"canonical\" href=\"https:\/\/oyers.law\/de\/kontakt\/\" \/>\n<meta property=\"og:locale\" content=\"de_DE\" \/>\n<meta property=\"og:type\" content=\"article\" \/>\n<meta property=\"og:title\" content=\"Kontakt | OYERS\" \/>\n<meta property=\"og:description\" content=\"Kontaktujte advok\u00e1tn\u00ed kancel\u00e1\u0159 OYERS s\u00eddl\u00edc\u00ed v Ostrav\u011b a Brn\u011b. Zab\u00fdv\u00e1me se v\u0161emi oblastmi pr\u00e1va a m\u00e1me za sebou v\u00edce jak 28 let zku\u0161enost\u00ed.\" \/>\n<meta property=\"og:url\" content=\"https:\/\/oyers.law\/de\/kontakt\/\" \/>\n<meta property=\"og:site_name\" content=\"OYERS\" \/>\n<meta property=\"article:publisher\" content=\"https:\/\/www.facebook.com\/profile.php?id=100063463516718\" \/>\n<meta property=\"article:modified_time\" content=\"2022-12-07T13:54:27+00:00\" \/>\n<meta property=\"og:image\" content=\"https:\/\/oyers.law\/wp-content\/uploads\/2022\/08\/logo.png\" \/>\n\t<meta property=\"og:image:width\" content=\"681\" \/>\n\t<meta property=\"og:image:height\" content=\"255\" \/>\n\t<meta property=\"og:image:type\" content=\"image\/png\" \/>\n<meta name=\"twitter:card\" content=\"summary_large_image\" \/>\n<meta name=\"twitter:label1\" content=\"Gesch\u00e4tzte Lesezeit\" \/>\n\t<meta name=\"twitter:data1\" content=\"1\u00a0Minute\" \/>\n<script type=\"application\/ld+json\" class=\"yoast-schema-graph\">{\"@context\":\"https:\/\/schema.org\",\"@graph\":[{\"@type\":\"WebPage\",\"@id\":\"https:\/\/oyers.law\/de\/kontakt\/\",\"url\":\"https:\/\/oyers.law\/de\/kontakt\/\",\"name\":\"Kontakt | OYERS\",\"isPartOf\":{\"@id\":\"https:\/\/oyers.law\/de\/#website\"},\"datePublished\":\"2022-08-22T14:14:47+00:00\",\"dateModified\":\"2022-12-07T13:54:27+00:00\",\"description\":\"Kontaktujte advok\u00e1tn\u00ed kancel\u00e1\u0159 OYERS s\u00eddl\u00edc\u00ed v Ostrav\u011b a Brn\u011b. Zab\u00fdv\u00e1me se v\u0161emi oblastmi pr\u00e1va a m\u00e1me za sebou v\u00edce jak 28 let zku\u0161enost\u00ed.\",\"breadcrumb\":{\"@id\":\"https:\/\/oyers.law\/de\/kontakt\/#breadcrumb\"},\"inLanguage\":\"de\",\"potentialAction\":[{\"@type\":\"ReadAction\",\"target\":[\"https:\/\/oyers.law\/de\/kontakt\/\"]}]},{\"@type\":\"BreadcrumbList\",\"@id\":\"https:\/\/oyers.law\/de\/kontakt\/#breadcrumb\",\"itemListElement\":[{\"@type\":\"ListItem\",\"position\":1,\"name\":\"Dom\u016f\",\"item\":\"https:\/\/oyers.law\/de\/\"},{\"@type\":\"ListItem\",\"position\":2,\"name\":\"Kontakt\"}]},{\"@type\":\"WebSite\",\"@id\":\"https:\/\/oyers.law\/de\/#website\",\"url\":\"https:\/\/oyers.law\/de\/\",\"name\":\"OYERS\",\"description\":\"\",\"publisher\":{\"@id\":\"https:\/\/oyers.law\/de\/#organization\"},\"potentialAction\":[{\"@type\":\"SearchAction\",\"target\":{\"@type\":\"EntryPoint\",\"urlTemplate\":\"https:\/\/oyers.law\/de\/?s={search_term_string}\"},\"query-input\":\"required name=search_term_string\"}],\"inLanguage\":\"de\"},{\"@type\":\"Organization\",\"@id\":\"https:\/\/oyers.law\/de\/#organization\",\"name\":\"OYERS\",\"url\":\"https:\/\/oyers.law\/de\/\",\"logo\":{\"@type\":\"ImageObject\",\"inLanguage\":\"de\",\"@id\":\"https:\/\/oyers.law\/de\/#\/schema\/logo\/image\/\",\"url\":\"https:\/\/oyers.law\/wp-content\/uploads\/2022\/08\/logo.png\",\"contentUrl\":\"https:\/\/oyers.law\/wp-content\/uploads\/2022\/08\/logo.png\",\"width\":681,\"height\":255,\"caption\":\"OYERS\"},\"image\":{\"@id\":\"https:\/\/oyers.law\/de\/#\/schema\/logo\/image\/\"},\"sameAs\":[\"https:\/\/www.facebook.com\/profile.php?id=100063463516718\"]}]}<\/script>\n<!-- \/ Yoast SEO plugin. -->","yoast_head_json":{"title":"Kontakt | OYERS","description":"Kontaktujte advok\u00e1tn\u00ed kancel\u00e1\u0159 OYERS s\u00eddl\u00edc\u00ed v Ostrav\u011b a Brn\u011b. Zab\u00fdv\u00e1me se v\u0161emi oblastmi pr\u00e1va a m\u00e1me za sebou v\u00edce jak 28 let zku\u0161enost\u00ed.","robots":{"index":"index","follow":"follow","max-snippet":"max-snippet:-1","max-image-preview":"max-image-preview:large","max-video-preview":"max-video-preview:-1"},"canonical":"https:\/\/oyers.law\/de\/kontakt\/","og_locale":"de_DE","og_type":"article","og_title":"Kontakt | OYERS","og_description":"Kontaktujte advok\u00e1tn\u00ed kancel\u00e1\u0159 OYERS s\u00eddl\u00edc\u00ed v Ostrav\u011b a Brn\u011b. Zab\u00fdv\u00e1me se v\u0161emi oblastmi pr\u00e1va a m\u00e1me za sebou v\u00edce jak 28 let zku\u0161enost\u00ed.","og_url":"https:\/\/oyers.law\/de\/kontakt\/","og_site_name":"OYERS","article_publisher":"https:\/\/www.facebook.com\/profile.php?id=100063463516718","article_modified_time":"2022-12-07T13:54:27+00:00","og_image":[{"width":681,"height":255,"url":"https:\/\/oyers.law\/wp-content\/uploads\/2022\/08\/logo.png","type":"image\/png"}],"twitter_card":"summary_large_image","twitter_misc":{"Gesch\u00e4tzte Lesezeit":"1\u00a0Minute"},"schema":{"@context":"https:\/\/schema.org","@graph":[{"@type":"WebPage","@id":"https:\/\/oyers.law\/de\/kontakt\/","url":"https:\/\/oyers.law\/de\/kontakt\/","name":"Kontakt | OYERS","isPartOf":{"@id":"https:\/\/oyers.law\/de\/#website"},"datePublished":"2022-08-22T14:14:47+00:00","dateModified":"2022-12-07T13:54:27+00:00","description":"Kontaktujte advok\u00e1tn\u00ed kancel\u00e1\u0159 OYERS s\u00eddl\u00edc\u00ed v Ostrav\u011b a Brn\u011b. Zab\u00fdv\u00e1me se v\u0161emi oblastmi pr\u00e1va a m\u00e1me za sebou v\u00edce jak 28 let zku\u0161enost\u00ed.","breadcrumb":{"@id":"https:\/\/oyers.law\/de\/kontakt\/#breadcrumb"},"inLanguage":"de","potentialAction":[{"@type":"ReadAction","target":["https:\/\/oyers.law\/de\/kontakt\/"]}]},{"@type":"BreadcrumbList","@id":"https:\/\/oyers.law\/de\/kontakt\/#breadcrumb","itemListElement":[{"@type":"ListItem","position":1,"name":"Dom\u016f","item":"https:\/\/oyers.law\/de\/"},{"@type":"ListItem","position":2,"name":"Kontakt"}]},{"@type":"WebSite","@id":"https:\/\/oyers.law\/de\/#website","url":"https:\/\/oyers.law\/de\/","name":"OYERS","description":"","publisher":{"@id":"https:\/\/oyers.law\/de\/#organization"},"potentialAction":[{"@type":"SearchAction","target":{"@type":"EntryPoint","urlTemplate":"https:\/\/oyers.law\/de\/?s={search_term_string}"},"query-input":"required name=search_term_string"}],"inLanguage":"de"},{"@type":"Organization","@id":"https:\/\/oyers.law\/de\/#organization","name":"OYERS","url":"https:\/\/oyers.law\/de\/","logo":{"@type":"ImageObject","inLanguage":"de","@id":"https:\/\/oyers.law\/de\/#\/schema\/logo\/image\/","url":"https:\/\/oyers.law\/wp-content\/uploads\/2022\/08\/logo.png","contentUrl":"https:\/\/oyers.law\/wp-content\/uploads\/2022\/08\/logo.png","width":681,"height":255,"caption":"OYERS"},"image":{"@id":"https:\/\/oyers.law\/de\/#\/schema\/logo\/image\/"},"sameAs":["https:\/\/www.facebook.com\/profile.php?id=100063463516718"]}]}},"_links":{"self":[{"href":"https:\/\/oyers.law\/de\/wp-json\/wp\/v2\/pages\/578","targetHints":{"allow":["GET"]}}],"collection":[{"href":"https:\/\/oyers.law\/de\/wp-json\/wp\/v2\/pages"}],"about":[{"href":"https:\/\/oyers.law\/de\/wp-json\/wp\/v2\/types\/page"}],"author":[{"embeddable":true,"href":"https:\/\/oyers.law\/de\/wp-json\/wp\/v2\/users\/2"}],"replies":[{"embeddable":true,"href":"https:\/\/oyers.law\/de\/wp-json\/wp\/v2\/comments?post=578"}],"version-history":[{"count":3,"href":"https:\/\/oyers.law\/de\/wp-json\/wp\/v2\/pages\/578\/revisions"}],"predecessor-version":[{"id":813,"href":"https:\/\/oyers.law\/de\/wp-json\/wp\/v2\/pages\/578\/revisions\/813"}],"wp:attachment":[{"href":"https:\/\/oyers.law\/de\/wp-json\/wp\/v2\/media?parent=578"}],"curies":[{"name":"wp","href":"https:\/\/api.w.org\/{rel}","templated":true}]}}