{"id":468,"date":"2022-10-26T21:02:56","date_gmt":"2022-10-26T19:02:56","guid":{"rendered":"https:\/\/oyers.law\/?page_id=468"},"modified":"2022-10-26T21:02:59","modified_gmt":"2022-10-26T19:02:59","slug":"news","status":"publish","type":"page","link":"https:\/\/oyers.law\/en\/news\/","title":{"rendered":"News"},"content":{"rendered":"","protected":false},"excerpt":{"rendered":"","protected":false},"author":2,"featured_media":0,"parent":0,"menu_order":4,"comment_status":"closed","ping_status":"closed","template":"page-our-news.php","meta":{"footnotes":""},"class_list":["post-468","page","type-page","status-publish","hentry"],"yoast_head":"<!-- This site is optimized with the Yoast SEO plugin v19.11 - https:\/\/yoast.com\/wordpress\/plugins\/seo\/ -->\n<title>News | OYERS<\/title>\n<meta name=\"description\" content=\"Aktu\u00e1ln\u00ed \u00fasp\u011bchy a p\u0159\u00edpady na\u0161\u00ed advok\u00e1tn\u00ed kancel\u00e1\u0159e OYERS.LAW.\" \/>\n<meta name=\"robots\" content=\"index, follow, max-snippet:-1, max-image-preview:large, max-video-preview:-1\" \/>\n<link rel=\"canonical\" href=\"https:\/\/oyers.law\/en\/news\/\" \/>\n<meta property=\"og:locale\" content=\"en_US\" \/>\n<meta property=\"og:type\" content=\"article\" \/>\n<meta property=\"og:title\" content=\"News | OYERS\" \/>\n<meta property=\"og:description\" content=\"Aktu\u00e1ln\u00ed \u00fasp\u011bchy a p\u0159\u00edpady na\u0161\u00ed advok\u00e1tn\u00ed kancel\u00e1\u0159e OYERS.LAW.\" \/>\n<meta property=\"og:url\" content=\"https:\/\/oyers.law\/en\/news\/\" \/>\n<meta property=\"og:site_name\" content=\"OYERS\" \/>\n<meta property=\"article:publisher\" content=\"https:\/\/www.facebook.com\/profile.php?id=100063463516718\" \/>\n<meta property=\"article:modified_time\" content=\"2022-10-26T19:02:59+00:00\" \/>\n<meta property=\"og:image\" content=\"https:\/\/oyers.law\/wp-content\/uploads\/2022\/08\/logo.png\" \/>\n\t<meta property=\"og:image:width\" content=\"681\" \/>\n\t<meta property=\"og:image:height\" content=\"255\" \/>\n\t<meta property=\"og:image:type\" content=\"image\/png\" \/>\n<meta name=\"twitter:card\" content=\"summary_large_image\" \/>\n<script type=\"application\/ld+json\" class=\"yoast-schema-graph\">{\"@context\":\"https:\/\/schema.org\",\"@graph\":[{\"@type\":\"WebPage\",\"@id\":\"https:\/\/oyers.law\/en\/news\/\",\"url\":\"https:\/\/oyers.law\/en\/news\/\",\"name\":\"News | OYERS\",\"isPartOf\":{\"@id\":\"https:\/\/oyers.law\/en\/#website\"},\"datePublished\":\"2022-10-26T19:02:56+00:00\",\"dateModified\":\"2022-10-26T19:02:59+00:00\",\"description\":\"Aktu\u00e1ln\u00ed \u00fasp\u011bchy a p\u0159\u00edpady na\u0161\u00ed advok\u00e1tn\u00ed kancel\u00e1\u0159e OYERS.LAW.\",\"breadcrumb\":{\"@id\":\"https:\/\/oyers.law\/en\/news\/#breadcrumb\"},\"inLanguage\":\"en-US\",\"potentialAction\":[{\"@type\":\"ReadAction\",\"target\":[\"https:\/\/oyers.law\/en\/news\/\"]}]},{\"@type\":\"BreadcrumbList\",\"@id\":\"https:\/\/oyers.law\/en\/news\/#breadcrumb\",\"itemListElement\":[{\"@type\":\"ListItem\",\"position\":1,\"name\":\"Dom\u016f\",\"item\":\"https:\/\/oyers.law\/en\/\"},{\"@type\":\"ListItem\",\"position\":2,\"name\":\"News\"}]},{\"@type\":\"WebSite\",\"@id\":\"https:\/\/oyers.law\/en\/#website\",\"url\":\"https:\/\/oyers.law\/en\/\",\"name\":\"OYERS\",\"description\":\"\",\"publisher\":{\"@id\":\"https:\/\/oyers.law\/en\/#organization\"},\"potentialAction\":[{\"@type\":\"SearchAction\",\"target\":{\"@type\":\"EntryPoint\",\"urlTemplate\":\"https:\/\/oyers.law\/en\/?s={search_term_string}\"},\"query-input\":\"required name=search_term_string\"}],\"inLanguage\":\"en-US\"},{\"@type\":\"Organization\",\"@id\":\"https:\/\/oyers.law\/en\/#organization\",\"name\":\"OYERS\",\"url\":\"https:\/\/oyers.law\/en\/\",\"logo\":{\"@type\":\"ImageObject\",\"inLanguage\":\"en-US\",\"@id\":\"https:\/\/oyers.law\/en\/#\/schema\/logo\/image\/\",\"url\":\"https:\/\/oyers.law\/wp-content\/uploads\/2022\/08\/logo.png\",\"contentUrl\":\"https:\/\/oyers.law\/wp-content\/uploads\/2022\/08\/logo.png\",\"width\":681,\"height\":255,\"caption\":\"OYERS\"},\"image\":{\"@id\":\"https:\/\/oyers.law\/en\/#\/schema\/logo\/image\/\"},\"sameAs\":[\"https:\/\/www.facebook.com\/profile.php?id=100063463516718\"]}]}<\/script>\n<!-- \/ Yoast SEO plugin. -->","yoast_head_json":{"title":"News | OYERS","description":"Aktu\u00e1ln\u00ed \u00fasp\u011bchy a p\u0159\u00edpady na\u0161\u00ed advok\u00e1tn\u00ed kancel\u00e1\u0159e OYERS.LAW.","robots":{"index":"index","follow":"follow","max-snippet":"max-snippet:-1","max-image-preview":"max-image-preview:large","max-video-preview":"max-video-preview:-1"},"canonical":"https:\/\/oyers.law\/en\/news\/","og_locale":"en_US","og_type":"article","og_title":"News | OYERS","og_description":"Aktu\u00e1ln\u00ed \u00fasp\u011bchy a p\u0159\u00edpady na\u0161\u00ed advok\u00e1tn\u00ed kancel\u00e1\u0159e OYERS.LAW.","og_url":"https:\/\/oyers.law\/en\/news\/","og_site_name":"OYERS","article_publisher":"https:\/\/www.facebook.com\/profile.php?id=100063463516718","article_modified_time":"2022-10-26T19:02:59+00:00","og_image":[{"width":681,"height":255,"url":"https:\/\/oyers.law\/wp-content\/uploads\/2022\/08\/logo.png","type":"image\/png"}],"twitter_card":"summary_large_image","schema":{"@context":"https:\/\/schema.org","@graph":[{"@type":"WebPage","@id":"https:\/\/oyers.law\/en\/news\/","url":"https:\/\/oyers.law\/en\/news\/","name":"News | OYERS","isPartOf":{"@id":"https:\/\/oyers.law\/en\/#website"},"datePublished":"2022-10-26T19:02:56+00:00","dateModified":"2022-10-26T19:02:59+00:00","description":"Aktu\u00e1ln\u00ed \u00fasp\u011bchy a p\u0159\u00edpady na\u0161\u00ed advok\u00e1tn\u00ed kancel\u00e1\u0159e OYERS.LAW.","breadcrumb":{"@id":"https:\/\/oyers.law\/en\/news\/#breadcrumb"},"inLanguage":"en-US","potentialAction":[{"@type":"ReadAction","target":["https:\/\/oyers.law\/en\/news\/"]}]},{"@type":"BreadcrumbList","@id":"https:\/\/oyers.law\/en\/news\/#breadcrumb","itemListElement":[{"@type":"ListItem","position":1,"name":"Dom\u016f","item":"https:\/\/oyers.law\/en\/"},{"@type":"ListItem","position":2,"name":"News"}]},{"@type":"WebSite","@id":"https:\/\/oyers.law\/en\/#website","url":"https:\/\/oyers.law\/en\/","name":"OYERS","description":"","publisher":{"@id":"https:\/\/oyers.law\/en\/#organization"},"potentialAction":[{"@type":"SearchAction","target":{"@type":"EntryPoint","urlTemplate":"https:\/\/oyers.law\/en\/?s={search_term_string}"},"query-input":"required name=search_term_string"}],"inLanguage":"en-US"},{"@type":"Organization","@id":"https:\/\/oyers.law\/en\/#organization","name":"OYERS","url":"https:\/\/oyers.law\/en\/","logo":{"@type":"ImageObject","inLanguage":"en-US","@id":"https:\/\/oyers.law\/en\/#\/schema\/logo\/image\/","url":"https:\/\/oyers.law\/wp-content\/uploads\/2022\/08\/logo.png","contentUrl":"https:\/\/oyers.law\/wp-content\/uploads\/2022\/08\/logo.png","width":681,"height":255,"caption":"OYERS"},"image":{"@id":"https:\/\/oyers.law\/en\/#\/schema\/logo\/image\/"},"sameAs":["https:\/\/www.facebook.com\/profile.php?id=100063463516718"]}]}},"_links":{"self":[{"href":"https:\/\/oyers.law\/en\/wp-json\/wp\/v2\/pages\/468","targetHints":{"allow":["GET"]}}],"collection":[{"href":"https:\/\/oyers.law\/en\/wp-json\/wp\/v2\/pages"}],"about":[{"href":"https:\/\/oyers.law\/en\/wp-json\/wp\/v2\/types\/page"}],"author":[{"embeddable":true,"href":"https:\/\/oyers.law\/en\/wp-json\/wp\/v2\/users\/2"}],"replies":[{"embeddable":true,"href":"https:\/\/oyers.law\/en\/wp-json\/wp\/v2\/comments?post=468"}],"version-history":[{"count":1,"href":"https:\/\/oyers.law\/en\/wp-json\/wp\/v2\/pages\/468\/revisions"}],"predecessor-version":[{"id":469,"href":"https:\/\/oyers.law\/en\/wp-json\/wp\/v2\/pages\/468\/revisions\/469"}],"wp:attachment":[{"href":"https:\/\/oyers.law\/en\/wp-json\/wp\/v2\/media?parent=468"}],"curies":[{"name":"wp","href":"https:\/\/api.w.org\/{rel}","templated":true}]}}